{"id":76593,"date":"2020-07-02T08:06:53","date_gmt":"2020-07-02T06:06:53","guid":{"rendered":"https:\/\/filminstitut.at\/?page_id=76593"},"modified":"2025-09-25T15:36:50","modified_gmt":"2025-09-25T13:36:50","slug":"tasks-and-aims","status":"publish","type":"page","link":"https:\/\/filminstitut.at\/en\/about-us\/tasks-and-aims","title":{"rendered":"Tasks and Aims"},"content":{"rendered":"","protected":false},"excerpt":{"rendered":"","protected":false},"author":3,"featured_media":0,"parent":76929,"menu_order":0,"comment_status":"closed","ping_status":"closed","template":"","meta":{"_acf_changed":false,"_relevanssi_hide_post":"","_relevanssi_hide_content":"","_relevanssi_pin_for_all":"","_relevanssi_pin_keywords":"","_relevanssi_unpin_keywords":"","_relevanssi_related_keywords":"","_relevanssi_related_include_ids":"","_relevanssi_related_exclude_ids":"","_relevanssi_related_no_append":"","_relevanssi_related_not_related":"","_relevanssi_related_posts":"","_relevanssi_noindex_reason":"","advgb_blocks_editor_width":"","advgb_blocks_columns_visual_guide":"","footnotes":""},"class_list":["post-76593","page","type-page","status-publish","hentry"],"acf":[],"yoast_head":"<!-- This site is optimized with the Yoast SEO plugin v27.6 - https:\/\/yoast.com\/product\/yoast-seo-wordpress\/ -->\n<title>Tasks and Aims - \u00d6sterreichisches Filminstitut<\/title>\n<meta name=\"robots\" content=\"index, follow, max-snippet:-1, max-image-preview:large, max-video-preview:-1\" \/>\n<link rel=\"canonical\" href=\"https:\/\/filminstitut.at\/en\/about-us\/tasks-and-aims\" \/>\n<meta property=\"og:locale\" content=\"en_US\" \/>\n<meta property=\"og:type\" content=\"article\" \/>\n<meta property=\"og:title\" content=\"Tasks and Aims - \u00d6sterreichisches Filminstitut\" \/>\n<meta property=\"og:url\" content=\"https:\/\/filminstitut.at\/en\/about-us\/tasks-and-aims\" \/>\n<meta property=\"og:site_name\" content=\"\u00d6sterreichisches Filminstitut\" \/>\n<meta property=\"article:publisher\" content=\"https:\/\/www.facebook.com\/filminstitut\" \/>\n<meta property=\"article:modified_time\" content=\"2025-09-25T13:36:50+00:00\" \/>\n<meta name=\"twitter:card\" content=\"summary_large_image\" \/>\n<script type=\"application\/ld+json\" class=\"yoast-schema-graph\">{\"@context\":\"https:\\\/\\\/schema.org\",\"@graph\":[{\"@type\":\"WebPage\",\"@id\":\"https:\\\/\\\/filminstitut.at\\\/en\\\/about-us\\\/tasks-and-aims\",\"url\":\"https:\\\/\\\/filminstitut.at\\\/en\\\/about-us\\\/tasks-and-aims\",\"name\":\"Tasks and Aims - \u00d6sterreichisches Filminstitut\",\"isPartOf\":{\"@id\":\"https:\\\/\\\/filminstitut.at\\\/en#website\"},\"datePublished\":\"2020-07-02T06:06:53+00:00\",\"dateModified\":\"2025-09-25T13:36:50+00:00\",\"breadcrumb\":{\"@id\":\"https:\\\/\\\/filminstitut.at\\\/en\\\/about-us\\\/tasks-and-aims#breadcrumb\"},\"inLanguage\":\"en\",\"potentialAction\":[{\"@type\":\"ReadAction\",\"target\":[\"https:\\\/\\\/filminstitut.at\\\/en\\\/about-us\\\/tasks-and-aims\"]}]},{\"@type\":\"BreadcrumbList\",\"@id\":\"https:\\\/\\\/filminstitut.at\\\/en\\\/about-us\\\/tasks-and-aims#breadcrumb\",\"itemListElement\":[{\"@type\":\"ListItem\",\"position\":1,\"name\":\"Home\",\"item\":\"https:\\\/\\\/filminstitut.at\\\/en\"},{\"@type\":\"ListItem\",\"position\":2,\"name\":\"About us\",\"item\":\"https:\\\/\\\/filminstitut.at\\\/en\\\/ueber-uns\"},{\"@type\":\"ListItem\",\"position\":3,\"name\":\"Tasks and Aims\"}]},{\"@type\":\"WebSite\",\"@id\":\"https:\\\/\\\/filminstitut.at\\\/en#website\",\"url\":\"https:\\\/\\\/filminstitut.at\\\/en\",\"name\":\"\u00d6sterreichisches Filminstitut\",\"description\":\"Das \u00d6sterreichische Filminstitut ist die bundesweite F\u00f6rderstelle und Kompetenzzentrum f\u00fcr den Kinofilm.\",\"publisher\":{\"@id\":\"https:\\\/\\\/filminstitut.at\\\/en#organization\"},\"potentialAction\":[{\"@type\":\"SearchAction\",\"target\":{\"@type\":\"EntryPoint\",\"urlTemplate\":\"https:\\\/\\\/filminstitut.at\\\/en?s={search_term_string}\"},\"query-input\":{\"@type\":\"PropertyValueSpecification\",\"valueRequired\":true,\"valueName\":\"search_term_string\"}}],\"inLanguage\":\"en\"},{\"@type\":\"Organization\",\"@id\":\"https:\\\/\\\/filminstitut.at\\\/en#organization\",\"name\":\"\u00d6sterreichisches Filminstitut\",\"url\":\"https:\\\/\\\/filminstitut.at\\\/en\",\"logo\":{\"@type\":\"ImageObject\",\"inLanguage\":\"en\",\"@id\":\"https:\\\/\\\/filminstitut.at\\\/en#\\\/schema\\\/logo\\\/image\\\/\",\"url\":\"https:\\\/\\\/filminstitut.at\\\/wp-content\\\/uploads\\\/2025\\\/09\\\/OeFI_Logo_pos-scaled.jpg\",\"contentUrl\":\"https:\\\/\\\/filminstitut.at\\\/wp-content\\\/uploads\\\/2025\\\/09\\\/OeFI_Logo_pos-scaled.jpg\",\"width\":2560,\"height\":694,\"caption\":\"\u00d6sterreichisches Filminstitut\"},\"image\":{\"@id\":\"https:\\\/\\\/filminstitut.at\\\/en#\\\/schema\\\/logo\\\/image\\\/\"},\"sameAs\":[\"https:\\\/\\\/www.facebook.com\\\/filminstitut\",\"https:\\\/\\\/at.linkedin.com\\\/company\\\/sterreichisches-filminstitut\",\"https:\\\/\\\/www.instagram.com\\\/filminstitut\"]}]}<\/script>\n<!-- \/ Yoast SEO plugin. -->","yoast_head_json":{"title":"Tasks and Aims - \u00d6sterreichisches Filminstitut","robots":{"index":"index","follow":"follow","max-snippet":"max-snippet:-1","max-image-preview":"max-image-preview:large","max-video-preview":"max-video-preview:-1"},"canonical":"https:\/\/filminstitut.at\/en\/about-us\/tasks-and-aims","og_locale":"en_US","og_type":"article","og_title":"Tasks and Aims - \u00d6sterreichisches Filminstitut","og_url":"https:\/\/filminstitut.at\/en\/about-us\/tasks-and-aims","og_site_name":"\u00d6sterreichisches Filminstitut","article_publisher":"https:\/\/www.facebook.com\/filminstitut","article_modified_time":"2025-09-25T13:36:50+00:00","twitter_card":"summary_large_image","schema":{"@context":"https:\/\/schema.org","@graph":[{"@type":"WebPage","@id":"https:\/\/filminstitut.at\/en\/about-us\/tasks-and-aims","url":"https:\/\/filminstitut.at\/en\/about-us\/tasks-and-aims","name":"Tasks and Aims - \u00d6sterreichisches Filminstitut","isPartOf":{"@id":"https:\/\/filminstitut.at\/en#website"},"datePublished":"2020-07-02T06:06:53+00:00","dateModified":"2025-09-25T13:36:50+00:00","breadcrumb":{"@id":"https:\/\/filminstitut.at\/en\/about-us\/tasks-and-aims#breadcrumb"},"inLanguage":"en","potentialAction":[{"@type":"ReadAction","target":["https:\/\/filminstitut.at\/en\/about-us\/tasks-and-aims"]}]},{"@type":"BreadcrumbList","@id":"https:\/\/filminstitut.at\/en\/about-us\/tasks-and-aims#breadcrumb","itemListElement":[{"@type":"ListItem","position":1,"name":"Home","item":"https:\/\/filminstitut.at\/en"},{"@type":"ListItem","position":2,"name":"About us","item":"https:\/\/filminstitut.at\/en\/ueber-uns"},{"@type":"ListItem","position":3,"name":"Tasks and Aims"}]},{"@type":"WebSite","@id":"https:\/\/filminstitut.at\/en#website","url":"https:\/\/filminstitut.at\/en","name":"\u00d6sterreichisches Filminstitut","description":"Das \u00d6sterreichische Filminstitut ist die bundesweite F\u00f6rderstelle und Kompetenzzentrum f\u00fcr den Kinofilm.","publisher":{"@id":"https:\/\/filminstitut.at\/en#organization"},"potentialAction":[{"@type":"SearchAction","target":{"@type":"EntryPoint","urlTemplate":"https:\/\/filminstitut.at\/en?s={search_term_string}"},"query-input":{"@type":"PropertyValueSpecification","valueRequired":true,"valueName":"search_term_string"}}],"inLanguage":"en"},{"@type":"Organization","@id":"https:\/\/filminstitut.at\/en#organization","name":"\u00d6sterreichisches Filminstitut","url":"https:\/\/filminstitut.at\/en","logo":{"@type":"ImageObject","inLanguage":"en","@id":"https:\/\/filminstitut.at\/en#\/schema\/logo\/image\/","url":"https:\/\/filminstitut.at\/wp-content\/uploads\/2025\/09\/OeFI_Logo_pos-scaled.jpg","contentUrl":"https:\/\/filminstitut.at\/wp-content\/uploads\/2025\/09\/OeFI_Logo_pos-scaled.jpg","width":2560,"height":694,"caption":"\u00d6sterreichisches Filminstitut"},"image":{"@id":"https:\/\/filminstitut.at\/en#\/schema\/logo\/image\/"},"sameAs":["https:\/\/www.facebook.com\/filminstitut","https:\/\/at.linkedin.com\/company\/sterreichisches-filminstitut","https:\/\/www.instagram.com\/filminstitut"]}]}},"coauthors":[],"author_meta":{"author_link":"https:\/\/filminstitut.at\/en\/author\/michael","display_name":"Michael"},"relative_dates":{"created":"Posted 6 years ago","modified":"Updated 8 months ago"},"absolute_dates":{"created":"Posted on 2. July 2020","modified":"Updated on 25. September 2025"},"absolute_dates_time":{"created":"Posted on 2. July 2020 8:06","modified":"Updated on 25. September 2025 15:36"},"featured_img_caption":"","featured_img":false,"series_order":"","_links":{"self":[{"href":"https:\/\/filminstitut.at\/en\/wp-json\/wp\/v2\/pages\/76593","targetHints":{"allow":["GET"]}}],"collection":[{"href":"https:\/\/filminstitut.at\/en\/wp-json\/wp\/v2\/pages"}],"about":[{"href":"https:\/\/filminstitut.at\/en\/wp-json\/wp\/v2\/types\/page"}],"author":[{"embeddable":true,"href":"https:\/\/filminstitut.at\/en\/wp-json\/wp\/v2\/users\/3"}],"replies":[{"embeddable":true,"href":"https:\/\/filminstitut.at\/en\/wp-json\/wp\/v2\/comments?post=76593"}],"version-history":[{"count":2,"href":"https:\/\/filminstitut.at\/en\/wp-json\/wp\/v2\/pages\/76593\/revisions"}],"predecessor-version":[{"id":77684,"href":"https:\/\/filminstitut.at\/en\/wp-json\/wp\/v2\/pages\/76593\/revisions\/77684"}],"up":[{"embeddable":true,"href":"https:\/\/filminstitut.at\/en\/wp-json\/wp\/v2\/pages\/76929"}],"wp:attachment":[{"href":"https:\/\/filminstitut.at\/en\/wp-json\/wp\/v2\/media?parent=76593"}],"curies":[{"name":"wp","href":"https:\/\/api.w.org\/{rel}","templated":true}]}}